{"id":532,"date":"2022-06-10T13:40:14","date_gmt":"2022-06-10T12:40:14","guid":{"rendered":"https:\/\/www.marinavidal.es\/obesidad-diabetes\/"},"modified":"2022-06-10T13:40:14","modified_gmt":"2022-06-10T12:40:14","slug":"obesidad-diabetes","status":"publish","type":"page","link":"https:\/\/www.marinavidal.es\/es\/obesidad-diabetes\/","title":{"rendered":"OBESIDAD, DIABETES"},"content":{"rendered":"<p>[et_pb_section fb_built=\u00bb1&#8243; admin_label=\u00bbTestimonials Section\u00bb module_id=\u00bbopinions\u00bb _builder_version=\u00bb4.14.7&#8243; background_color_gradient_start=\u00bb#753dbd\u00bb background_color_gradient_end=\u00bb#9f84bc\u00bb background_color_gradient_direction=\u00bb45deg\u00bb background_image=\u00bbhttps:\/\/www.marinavidal.es\/wp-content\/uploads\/2022\/06\/undraw_Appreciation.png\u00bb background_size=\u00bbinitial\u00bb background_blend=\u00bbmultiply\u00bb custom_padding=\u00bb32px|0px|110px|0px||\u00bb global_colors_info=\u00bb{}\u00bb][et_pb_row _builder_version=\u00bb3.25&#8243; locked=\u00bboff\u00bb global_colors_info=\u00bb{}\u00bb][et_pb_column type=\u00bb4_4&#8243; _builder_version=\u00bb3.25&#8243; custom_padding=\u00bb|||\u00bb global_colors_info=\u00bb{}\u00bb custom_padding__hover=\u00bb|||\u00bb][et_pb_text _builder_version=\u00bb4.14.4&#8243; _module_preset=\u00bb870064e3-0f51-4956-a39c-0040fdd1f6c0&#8243; header_text_align=\u00bbcenter\u00bb background_enable_image=\u00bboff\u00bb text_orientation=\u00bbcenter\u00bb background_layout=\u00bbdark\u00bb min_height=\u00bb67px\u00bb custom_padding=\u00bb||0px|||\u00bb inline_fonts=\u00bbDM Serif Display\u00bb global_colors_info=\u00bb{}\u00bb]<\/p>\n<h2><span style=\"font-family: DM Serif Display; font-size: 45px; color: #753dbd;\">Obesidad, Diabetes<br \/><\/span><\/h2>\n<p>[\/et_pb_text][\/et_pb_column][\/et_pb_row][et_pb_row use_custom_gutter=\u00bbon\u00bb gutter_width=\u00bb2&#8243; column_padding_mobile=\u00bbon\u00bb custom_padding_last_edited=\u00bbon|phone\u00bb admin_label=\u00bbRow\u00bb _builder_version=\u00bb3.25&#8243; background_size=\u00bbinitial\u00bb background_position=\u00bbtop_left\u00bb background_repeat=\u00bbrepeat\u00bb custom_padding=\u00bb|||\u00bb custom_padding_tablet=\u00bb49px|||\u00bb custom_padding_phone=\u00bb19px|||\u00bb global_colors_info=\u00bb{}\u00bb][et_pb_column type=\u00bb4_4&#8243; _builder_version=\u00bb3.25&#8243; custom_padding=\u00bb|||\u00bb global_colors_info=\u00bb{}\u00bb custom_padding__hover=\u00bb|||\u00bb][et_pb_testimonial quote_icon=\u00bboff\u00bb portrait_width=\u00bb50px\u00bb portrait_height=\u00bb50px\u00bb _builder_version=\u00bb4.14.7&#8243; body_font=\u00bbOpen Sans||||||||\u00bb body_text_color=\u00bb#486066&#8243; body_font_size=\u00bb15px\u00bb body_line_height=\u00bb1.8em\u00bb background_color=\u00bbrgba(255,255,255,0.94)\u00bb animation_style=\u00bbfade\u00bb border_radii=\u00bbon|6px|6px|6px|6px\u00bb box_shadow_style=\u00bbpreset1&#8243; box_shadow_vertical=\u00bb10px\u00bb box_shadow_blur=\u00bb24px\u00bb box_shadow_spread=\u00bb6px\u00bb box_shadow_color=\u00bbrgba(0,0,0,0.06)\u00bb locked=\u00bboff\u00bb global_colors_info=\u00bb{}\u00bb]<\/p>\n<p>Vivimos en una situaci\u00f3n de pandemia adiposa. El h\u00edgado graso, la obesidad, la resistencia a la insulina, la inflamaci\u00f3n de bajo grado y el sedentarismo est\u00e1n interrelacionados y se potencian entre ellos. <\/p>\n<p>Cuando el cuerpo es incapaz de sostener tanta actividad inflamatoria se progresa hacia la diabetes mellitus tipo 2 y la hipertensi\u00f3n arterial, ambos, factores de riesgo para la enfermedad cardiovascular, primera causa de muerte en los pa\u00edses desarrollados. Adem\u00e1s, la diabetes es, por si misma, la primera causa de ceguera en el mundo desarrollado. <\/p>\n<p>Es necesario desterrar las t\u00edpicas dietas de caj\u00f3n y empezaf a seguir una dieta evolutiva y coherente con nuestras necesidades a la vez que respetamos las horas de ingesta y de ayuno.<\/p>\n<p>Unos de los suplementos m\u00e1s \u00fatiles son la vitamina D, magnesio, zinc, omega-3 y berberina. En funci\u00f3n de la persona y sus circunstancias elegiremos un abordaje u otro, ninguno ser\u00e1 igual, todos personalizados y coherentes con lo que necesitamos como seres humanos.  <\/p>\n<p>\u00bfTe ha resonado este mensaje? Si es as\u00ed, hablamos sin compromiso <\/p>\n<p>[\/et_pb_testimonial][\/et_pb_column][\/et_pb_row][\/et_pb_section][et_pb_section fb_built=\u00bb1&#8243; _builder_version=\u00bb4.14.7&#8243; _module_preset=\u00bbdefault\u00bb global_colors_info=\u00bb{}\u00bb][et_pb_row column_structure=\u00bb1_2,1_2&#8243; _builder_version=\u00bb4.14.7&#8243; _module_preset=\u00bbdefault\u00bb global_colors_info=\u00bb{}\u00bb global_module=\u00bb511&#8243; theme_builder_area=\u00bbpost_content\u00bb][et_pb_column type=\u00bb1_2&#8243; _builder_version=\u00bb4.14.7&#8243; _module_preset=\u00bbdefault\u00bb global_colors_info=\u00bb{}\u00bb theme_builder_area=\u00bbpost_content\u00bb][et_pb_button button_url=\u00bbhttps:\/\/www.marinavidal.es\/autoimmunitat\/\u00bb button_text=\u00bbAUTOIMMUNITAT\u00bb _builder_version=\u00bb4.14.7&#8243; _module_preset=\u00bbdefault\u00bb custom_button=\u00bbon\u00bb button_font=\u00bbOpen Sans||||||||\u00bb custom_css_main_element=\u00bbwidth:100%;||text-align:center;\u00bb global_colors_info=\u00bb{}\u00bb theme_builder_area=\u00bbpost_content\u00bb][\/et_pb_button][et_pb_button button_url=\u00bbhttps:\/\/www.marinavidal.es\/migranya-cefalea-tensional\/\u00bb button_text=\u00bbMIGRANYA, CEFALEA TENSIONAL\u00bb _builder_version=\u00bb4.14.7&#8243; _module_preset=\u00bbdefault\u00bb custom_button=\u00bbon\u00bb button_font=\u00bbOpen Sans||||||||\u00bb custom_css_main_element=\u00bbwidth:100%;||text-align:center;\u00bb global_colors_info=\u00bb{}\u00bb theme_builder_area=\u00bbpost_content\u00bb][\/et_pb_button][et_pb_button button_url=\u00bbhttps:\/\/www.marinavidal.es\/problemes-de-pell\/\u00bb button_text=\u00bbPROBLEMES DE PELL\u00bb _builder_version=\u00bb4.14.7&#8243; _module_preset=\u00bbdefault\u00bb custom_button=\u00bbon\u00bb button_font=\u00bbOpen Sans||||||||\u00bb custom_css_main_element=\u00bbwidth:100%;||text-align:center;\u00bb global_colors_info=\u00bb{}\u00bb theme_builder_area=\u00bbpost_content\u00bb][\/et_pb_button][et_pb_button button_url=\u00bbhttps:\/\/www.marinavidal.es\/problemes-digestius\/\u00bb button_text=\u00bbPROBLEMES DIGESTIUS\u00bb _builder_version=\u00bb4.14.7&#8243; _module_preset=\u00bbdefault\u00bb custom_button=\u00bbon\u00bb button_font=\u00bbOpen Sans||||||||\u00bb custom_css_main_element=\u00bbwidth:100%;||text-align:center;\u00bb global_colors_info=\u00bb{}\u00bb theme_builder_area=\u00bbpost_content\u00bb][\/et_pb_button][\/et_pb_column][et_pb_column type=\u00bb1_2&#8243; _builder_version=\u00bb4.14.7&#8243; _module_preset=\u00bbdefault\u00bb global_colors_info=\u00bb{}\u00bb theme_builder_area=\u00bbpost_content\u00bb][et_pb_button button_url=\u00bbhttps:\/\/www.marinavidal.es\/obesitat-diabetis\/\u00bb button_text=\u00bbOBESITAT, DIABETIS\u00bb _builder_version=\u00bb4.14.7&#8243; _module_preset=\u00bbdefault\u00bb custom_button=\u00bbon\u00bb button_font=\u00bbOpen Sans||||||||\u00bb custom_css_main_element=\u00bbwidth:100%;||text-align:center;\u00bb global_colors_info=\u00bb{}\u00bb theme_builder_area=\u00bbpost_content\u00bb][\/et_pb_button][et_pb_button button_url=\u00bbhttps:\/\/www.marinavidal.es\/fibromialgia-fatiga-cronica-dolor-cronic\/\u00bb button_text=\u00bbFIBROMI\u00c0LGIA, FATIGA CR\u00d2NICA, DOLOR CR\u00d2NIC\u00bb _builder_version=\u00bb4.14.7&#8243; _module_preset=\u00bbdefault\u00bb custom_button=\u00bbon\u00bb button_font=\u00bbOpen Sans||||||||\u00bb custom_css_main_element=\u00bbwidth:100%;||text-align:center;\u00bb global_colors_info=\u00bb{}\u00bb theme_builder_area=\u00bbpost_content\u00bb][\/et_pb_button][et_pb_button button_url=\u00bbhttps:\/\/www.marinavidal.es\/problemes-hormonals\/\u00bb button_text=\u00bbPROBLEMES HORMONALS\u00bb _builder_version=\u00bb4.14.7&#8243; _module_preset=\u00bbdefault\u00bb custom_button=\u00bbon\u00bb button_font=\u00bbOpen Sans||||||||\u00bb custom_css_main_element=\u00bbwidth:100%;||text-align:center;\u00bb global_colors_info=\u00bb{}\u00bb theme_builder_area=\u00bbpost_content\u00bb][\/et_pb_button][et_pb_button button_url=\u00bbhttps:\/\/www.marinavidal.es\/altres\/\u00bb button_text=\u00bbALTRES (Infeccions repetitives, cansament cr\u00f2nic, al\u2022l\u00e8rgies, ansietat, depressi\u00f3\u2026)\u00bb _builder_version=\u00bb4.14.7&#8243; _module_preset=\u00bbdefault\u00bb custom_button=\u00bbon\u00bb button_font=\u00bbOpen Sans||||||||\u00bb custom_css_main_element=\u00bbwidth:100%;||text-align:center;\u00bb global_colors_info=\u00bb{}\u00bb theme_builder_area=\u00bbpost_content\u00bb][\/et_pb_button][\/et_pb_column][\/et_pb_row][\/et_pb_section][et_pb_section fb_built=\u00bb1&#8243; _builder_version=\u00bb4.14.4&#8243; _module_preset=\u00bbdefault\u00bb background_color=\u00bb#212121&#8243; custom_padding=\u00bb27px|||||\u00bb global_colors_info=\u00bb{}\u00bb][et_pb_row _builder_version=\u00bb4.14.4&#8243; _module_preset=\u00bbdefault\u00bb custom_margin=\u00bb|auto|-57px|auto||\u00bb custom_padding=\u00bb||78px|||\u00bb global_colors_info=\u00bb{}\u00bb][et_pb_column type=\u00bb4_4&#8243; _builder_version=\u00bb4.14.4&#8243; _module_preset=\u00bbdefault\u00bb global_colors_info=\u00bb{}\u00bb][et_pb_text _builder_version=\u00bb4.14.4&#8243; _module_preset=\u00bbdefault\u00bb global_colors_info=\u00bb{}\u00bb]<\/p>\n<p style=\"text-align: center;\">Marina Vidal. Doctora de medicina integrativa, medicina natural y PNI en Lleida<\/p>\n<p style=\"text-align: center;\">MEDICINA NATURAL LLEIDA | NUTRICI\u00d3N EVOLUTIVA LLEIDA | RECUPERACI\u00d3N DE LA SALUD LLEIDA | PNI LLEIDA | PSICONEUROINMUNOLOG\u00cdA LLEIDA | MEDICINA INTEGRATIVA LLEIDA<\/p>\n<p>[\/et_pb_text][\/et_pb_column][\/et_pb_row][et_pb_row column_structure=\u00bb1_2,1_2&#8243; _builder_version=\u00bb4.14.4&#8243; _module_preset=\u00bbdefault\u00bb custom_margin=\u00bb|auto|-57px|auto||\u00bb custom_padding=\u00bb||78px|||\u00bb global_colors_info=\u00bb{}\u00bb][et_pb_column type=\u00bb1_2&#8243; _builder_version=\u00bb4.14.4&#8243; _module_preset=\u00bbdefault\u00bb global_colors_info=\u00bb{}\u00bb][et_pb_text _builder_version=\u00bb4.14.4&#8243; _module_preset=\u00bbdefault\u00bb text_font=\u00bbOpen Sans||||||||\u00bb text_text_color=\u00bb#bfbfbf\u00bb text_font_size=\u00bb12px\u00bb custom_margin=\u00bb||6px|||\u00bb global_colors_info=\u00bb{}\u00bb]<\/p>\n<p>Dise\u00f1o del logo: Gemma Rufino Gonz\u00e1lvez<\/p>\n<p>[\/et_pb_text][\/et_pb_column][et_pb_column type=\u00bb1_2&#8243; _builder_version=\u00bb4.14.4&#8243; _module_preset=\u00bbdefault\u00bb global_colors_info=\u00bb{}\u00bb][et_pb_text _builder_version=\u00bb4.14.4&#8243; _module_preset=\u00bbdefault\u00bb text_font=\u00bbOpen Sans||||||||\u00bb text_text_color=\u00bb#bfbfbf\u00bb text_font_size=\u00bb12px\u00bb text_orientation=\u00bbright\u00bb custom_margin=\u00bb||2px|||\u00bb global_colors_info=\u00bb{}\u00bb]<\/p>\n<p>Hosting<\/p>\n<p>[\/et_pb_text][et_pb_image src=\u00bbhttps:\/\/www.marinavidal.es\/wp-content\/uploads\/2021\/12\/consultoria-informatica-madrid-edorteam-1.svg\u00bb title_text=\u00bbconsultoria-informatica-madrid-edorteam-1&#8243; url=\u00bbhttp:\/\/www.edorteam.com\u00bb url_new_window=\u00bbon\u00bb align=\u00bbright\u00bb _builder_version=\u00bb4.14.4&#8243; _module_preset=\u00bbdefault\u00bb width=\u00bb200px\u00bb global_colors_info=\u00bb{}\u00bb][\/et_pb_image][\/et_pb_column][\/et_pb_row][\/et_pb_section]<\/p>\n","protected":false},"excerpt":{"rendered":"<p>Obesidad, DiabetesVivimos en una situaci\u00f3n de pandemia adiposa. El h\u00edgado graso, la obesidad, la resistencia a la insulina, la inflamaci\u00f3n de bajo grado y el sedentarismo est\u00e1n interrelacionados y se potencian entre ellos. Cuando el cuerpo es incapaz de sostener tanta actividad inflamatoria se progresa hacia la diabetes mellitus tipo 2 y la hipertensi\u00f3n arterial, [&hellip;]<\/p>\n","protected":false},"author":1,"featured_media":0,"parent":0,"menu_order":0,"comment_status":"closed","ping_status":"closed","template":"","meta":{"_et_pb_use_builder":"on","_et_pb_old_content":"","_et_gb_content_width":"","footnotes":""},"folder":[21],"class_list":["post-532","page","type-page","status-publish","hentry"],"_links":{"self":[{"href":"https:\/\/www.marinavidal.es\/es\/wp-json\/wp\/v2\/pages\/532","targetHints":{"allow":["GET"]}}],"collection":[{"href":"https:\/\/www.marinavidal.es\/es\/wp-json\/wp\/v2\/pages"}],"about":[{"href":"https:\/\/www.marinavidal.es\/es\/wp-json\/wp\/v2\/types\/page"}],"author":[{"embeddable":true,"href":"https:\/\/www.marinavidal.es\/es\/wp-json\/wp\/v2\/users\/1"}],"replies":[{"embeddable":true,"href":"https:\/\/www.marinavidal.es\/es\/wp-json\/wp\/v2\/comments?post=532"}],"version-history":[{"count":0,"href":"https:\/\/www.marinavidal.es\/es\/wp-json\/wp\/v2\/pages\/532\/revisions"}],"wp:attachment":[{"href":"https:\/\/www.marinavidal.es\/es\/wp-json\/wp\/v2\/media?parent=532"}],"wp:term":[{"taxonomy":"folder","embeddable":true,"href":"https:\/\/www.marinavidal.es\/es\/wp-json\/wp\/v2\/folder?post=532"}],"curies":[{"name":"wp","href":"https:\/\/api.w.org\/{rel}","templated":true}]}}